{"id":55,"date":"2018-01-06T17:51:24","date_gmt":"2018-01-06T16:51:24","guid":{"rendered":"http:\/\/ecolesacrecoeur.fr\/?page_id=55"},"modified":"2018-08-18T22:15:25","modified_gmt":"2018-08-18T20:15:25","slug":"voyage-a-jersey","status":"publish","type":"page","link":"https:\/\/ecolesacrecoeur.fr\/?page_id=55","title":{"rendered":"Historique"},"content":{"rendered":"<p><img loading=\"lazy\" decoding=\"async\" class=\"size-medium wp-image-232 aligncenter\" src=\"http:\/\/ecolesacrecoeur.fr\/wp-content\/uploads\/2018\/01\/474-190x300.jpg\" alt=\"\" width=\"190\" height=\"300\" srcset=\"https:\/\/ecolesacrecoeur.fr\/wp-content\/uploads\/2018\/01\/474-190x300.jpg 190w, https:\/\/ecolesacrecoeur.fr\/wp-content\/uploads\/2018\/01\/474-768x1210.jpg 768w, https:\/\/ecolesacrecoeur.fr\/wp-content\/uploads\/2018\/01\/474-650x1024.jpg 650w, https:\/\/ecolesacrecoeur.fr\/wp-content\/uploads\/2018\/01\/474.jpg 1021w\" sizes=\"auto, (max-width: 190px) 100vw, 190px\" \/><\/p>\n<p>L&rsquo;\u00e9cole du Sacr\u00e9-C\u0153ur a \u00e9t\u00e9 fond\u00e9e par Mlle Leprovost de St Jean et le Chanoine de Longueville en 1881.<\/p>\n<p>L&rsquo;\u00e9cole \u00e9tait alors un pensionnat de jeunes filles dirig\u00e9 par une religieuse de la\u00a0congr\u00e9gation du Sacr\u00e9-C\u0153ur de Coutances.<\/p>\n<p>En 1903, les soeurs ont \u00e9t\u00e9 remplac\u00e9es par des enseignants la\u00efcs sous la tutelle de la direction\u00a0dioc\u00e9saine de Coutances.<\/p>\n<p>La mixit\u00e9 est arriv\u00e9e en 1968.<\/p>\n<p>L&rsquo;\u00e9cole du Sacr\u00e9-Coeur est pass\u00e9e sous contrat d&rsquo;association avec l&rsquo;Etat en 1998.<\/p>\n<p>&nbsp;<\/p>\n<p>&nbsp;<\/p>\n","protected":false},"excerpt":{"rendered":"<p>L&rsquo;\u00e9cole du Sacr\u00e9-C\u0153ur a \u00e9t\u00e9 fond\u00e9e par Mlle Leprovost de St Jean et le Chanoine de Longueville en 1881. L&rsquo;\u00e9cole [&hellip;]<\/p>\n","protected":false},"author":1,"featured_media":0,"parent":0,"menu_order":5,"comment_status":"closed","ping_status":"closed","template":"","meta":{"site-sidebar-layout":"default","site-content-layout":"","ast-site-content-layout":"","site-content-style":"default","site-sidebar-style":"default","ast-global-header-display":"","ast-banner-title-visibility":"","ast-main-header-display":"","ast-hfb-above-header-display":"","ast-hfb-below-header-display":"","ast-hfb-mobile-header-display":"","site-post-title":"","ast-breadcrumbs-content":"","ast-featured-img":"","footer-sml-layout":"","theme-transparent-header-meta":"","adv-header-id-meta":"","stick-header-meta":"","header-above-stick-meta":"","header-main-stick-meta":"","header-below-stick-meta":"","astra-migrate-meta-layouts":"default","ast-page-background-enabled":"default","ast-page-background-meta":{"desktop":{"background-color":"var(--ast-global-color-5)","background-image":"","background-repeat":"repeat","background-position":"center center","background-size":"auto","background-attachment":"scroll","background-type":"","background-media":"","overlay-type":"","overlay-color":"","overlay-opacity":"","overlay-gradient":""},"tablet":{"background-color":"","background-image":"","background-repeat":"repeat","background-position":"center center","background-size":"auto","background-attachment":"scroll","background-type":"","background-media":"","overlay-type":"","overlay-color":"","overlay-opacity":"","overlay-gradient":""},"mobile":{"background-color":"","background-image":"","background-repeat":"repeat","background-position":"center center","background-size":"auto","background-attachment":"scroll","background-type":"","background-media":"","overlay-type":"","overlay-color":"","overlay-opacity":"","overlay-gradient":""}},"ast-content-background-meta":{"desktop":{"background-color":"var(--ast-global-color-4)","background-image":"","background-repeat":"repeat","background-position":"center center","background-size":"auto","background-attachment":"scroll","background-type":"","background-media":"","overlay-type":"","overlay-color":"","overlay-opacity":"","overlay-gradient":""},"tablet":{"background-color":"var(--ast-global-color-4)","background-image":"","background-repeat":"repeat","background-position":"center center","background-size":"auto","background-attachment":"scroll","background-type":"","background-media":"","overlay-type":"","overlay-color":"","overlay-opacity":"","overlay-gradient":""},"mobile":{"background-color":"var(--ast-global-color-4)","background-image":"","background-repeat":"repeat","background-position":"center center","background-size":"auto","background-attachment":"scroll","background-type":"","background-media":"","overlay-type":"","overlay-color":"","overlay-opacity":"","overlay-gradient":""}},"jetpack_post_was_ever_published":false,"footnotes":""},"class_list":["post-55","page","type-page","status-publish","hentry"],"jetpack_sharing_enabled":true,"jetpack_shortlink":"https:\/\/wp.me\/PabtLX-T","_links":{"self":[{"href":"https:\/\/ecolesacrecoeur.fr\/index.php?rest_route=\/wp\/v2\/pages\/55","targetHints":{"allow":["GET"]}}],"collection":[{"href":"https:\/\/ecolesacrecoeur.fr\/index.php?rest_route=\/wp\/v2\/pages"}],"about":[{"href":"https:\/\/ecolesacrecoeur.fr\/index.php?rest_route=\/wp\/v2\/types\/page"}],"author":[{"embeddable":true,"href":"https:\/\/ecolesacrecoeur.fr\/index.php?rest_route=\/wp\/v2\/users\/1"}],"replies":[{"embeddable":true,"href":"https:\/\/ecolesacrecoeur.fr\/index.php?rest_route=%2Fwp%2Fv2%2Fcomments&post=55"}],"version-history":[{"count":7,"href":"https:\/\/ecolesacrecoeur.fr\/index.php?rest_route=\/wp\/v2\/pages\/55\/revisions"}],"predecessor-version":[{"id":359,"href":"https:\/\/ecolesacrecoeur.fr\/index.php?rest_route=\/wp\/v2\/pages\/55\/revisions\/359"}],"wp:attachment":[{"href":"https:\/\/ecolesacrecoeur.fr\/index.php?rest_route=%2Fwp%2Fv2%2Fmedia&parent=55"}],"curies":[{"name":"wp","href":"https:\/\/api.w.org\/{rel}","templated":true}]}}