{"id":117,"date":"2018-01-06T19:53:05","date_gmt":"2018-01-06T18:53:05","guid":{"rendered":"http:\/\/ecolesacrecoeur.fr\/?page_id=117"},"modified":"2025-05-28T19:26:56","modified_gmt":"2025-05-28T17:26:56","slug":"catechese","status":"publish","type":"page","link":"https:\/\/ecolesacrecoeur.fr\/?page_id=117","title":{"rendered":"Pastorale"},"content":{"rendered":"<p>L&rsquo;\u00e9cole du Sacr\u00e9-Coeur propose un \u00e9veil \u00e0 la foi d\u00e8s la maternelle et la culture chr\u00e9tienne \u00e0 partir du CE1.\u00a0<\/p>\n<p>Des c\u00e9l\u00e9brations sont v\u00e9cues \u00e0 la Toussaint, No\u00ebl et P\u00e2ques.<\/p>\n<p>Le cat\u00e9 se fait hors temps scolaire, dans la paroisse.\u00a0<\/p>\n<p><strong>Mais la pastorale, cela se vit au quotidien : quel regard je porte sur moi, sur mon prochain, sur le monde ? Quelle personne je veux devenir ? Religion ou spiritualit\u00e9 : donner du sens \u00e0 sa vie !<\/strong><\/p>\n\n\n<figure class=\"wp-block-image size-full\"><img loading=\"lazy\" decoding=\"async\" width=\"658\" height=\"504\" src=\"https:\/\/ecolesacrecoeur.fr\/wp-content\/uploads\/2024\/02\/couvertures-min.png\" alt=\"\" class=\"wp-image-904\" srcset=\"https:\/\/ecolesacrecoeur.fr\/wp-content\/uploads\/2024\/02\/couvertures-min.png 658w, https:\/\/ecolesacrecoeur.fr\/wp-content\/uploads\/2024\/02\/couvertures-min-300x230.png 300w, https:\/\/ecolesacrecoeur.fr\/wp-content\/uploads\/2024\/02\/couvertures-min-353x270.png 353w\" sizes=\"auto, (max-width: 658px) 100vw, 658px\" \/><\/figure>\n\n\n\n<figure class=\"wp-block-image size-full\"><img loading=\"lazy\" decoding=\"async\" width=\"640\" height=\"480\" src=\"https:\/\/ecolesacrecoeur.fr\/wp-content\/uploads\/2024\/02\/IMG_4886-1.jpg\" alt=\"\" class=\"wp-image-908\" srcset=\"https:\/\/ecolesacrecoeur.fr\/wp-content\/uploads\/2024\/02\/IMG_4886-1.jpg 640w, https:\/\/ecolesacrecoeur.fr\/wp-content\/uploads\/2024\/02\/IMG_4886-1-300x225.jpg 300w, https:\/\/ecolesacrecoeur.fr\/wp-content\/uploads\/2024\/02\/IMG_4886-1-360x270.jpg 360w\" sizes=\"auto, (max-width: 640px) 100vw, 640px\" \/><figcaption class=\"wp-element-caption\">Journ\u00e9e de participation des CM \u00e0 Festisol (Festival des Solidarit\u00e9s) \u00e0 St-L\u00f4<\/figcaption><\/figure>\n\n\n\n<figure class=\"wp-block-image size-large\"><img loading=\"lazy\" decoding=\"async\" width=\"1024\" height=\"768\" src=\"http:\/\/ecolesacrecoeur.fr\/wp-content\/uploads\/2025\/05\/IMG_8048-1024x768.jpg\" alt=\"\" class=\"wp-image-997\" srcset=\"https:\/\/ecolesacrecoeur.fr\/wp-content\/uploads\/2025\/05\/IMG_8048-1024x768.jpg 1024w, https:\/\/ecolesacrecoeur.fr\/wp-content\/uploads\/2025\/05\/IMG_8048-300x225.jpg 300w, https:\/\/ecolesacrecoeur.fr\/wp-content\/uploads\/2025\/05\/IMG_8048-768x576.jpg 768w, https:\/\/ecolesacrecoeur.fr\/wp-content\/uploads\/2025\/05\/IMG_8048-1536x1152.jpg 1536w, https:\/\/ecolesacrecoeur.fr\/wp-content\/uploads\/2025\/05\/IMG_8048-2048x1536.jpg 2048w\" sizes=\"auto, (max-width: 1024px) 100vw, 1024px\" \/><\/figure>\n\n\n\n<p>B\u00e9n\u00e9diction des cartables par le P\u00e8re Fabien &#8211; rentr\u00e9e 2024<\/p>\n\n\n\n<figure class=\"wp-block-image size-large\"><img loading=\"lazy\" decoding=\"async\" width=\"1024\" height=\"768\" src=\"https:\/\/ecolesacrecoeur.fr\/wp-content\/uploads\/2025\/05\/IMG_0269-1024x768.jpg\" alt=\"\" class=\"wp-image-1003\" srcset=\"https:\/\/ecolesacrecoeur.fr\/wp-content\/uploads\/2025\/05\/IMG_0269-1024x768.jpg 1024w, https:\/\/ecolesacrecoeur.fr\/wp-content\/uploads\/2025\/05\/IMG_0269-300x225.jpg 300w, https:\/\/ecolesacrecoeur.fr\/wp-content\/uploads\/2025\/05\/IMG_0269-768x576.jpg 768w, https:\/\/ecolesacrecoeur.fr\/wp-content\/uploads\/2025\/05\/IMG_0269-1536x1152.jpg 1536w, https:\/\/ecolesacrecoeur.fr\/wp-content\/uploads\/2025\/05\/IMG_0269-2048x1536.jpg 2048w\" sizes=\"auto, (max-width: 1024px) 100vw, 1024px\" \/><\/figure>\n\n\n\n<p>C\u00e9l\u00e9bration de P\u00e2ques 2025<\/p>\n","protected":false},"excerpt":{"rendered":"<p>L&rsquo;\u00e9cole du Sacr\u00e9-Coeur propose un \u00e9veil \u00e0 la foi d\u00e8s la maternelle et la culture chr\u00e9tienne \u00e0 partir du CE1.\u00a0 [&hellip;]<\/p>\n","protected":false},"author":1,"featured_media":0,"parent":0,"menu_order":3,"comment_status":"closed","ping_status":"closed","template":"","meta":{"site-sidebar-layout":"default","site-content-layout":"","ast-site-content-layout":"","site-content-style":"default","site-sidebar-style":"default","ast-global-header-display":"","ast-banner-title-visibility":"","ast-main-header-display":"","ast-hfb-above-header-display":"","ast-hfb-below-header-display":"","ast-hfb-mobile-header-display":"","site-post-title":"","ast-breadcrumbs-content":"","ast-featured-img":"","footer-sml-layout":"","theme-transparent-header-meta":"","adv-header-id-meta":"","stick-header-meta":"","header-above-stick-meta":"","header-main-stick-meta":"","header-below-stick-meta":"","astra-migrate-meta-layouts":"default","ast-page-background-enabled":"default","ast-page-background-meta":{"desktop":{"background-color":"var(--ast-global-color-5)","background-image":"","background-repeat":"repeat","background-position":"center center","background-size":"auto","background-attachment":"scroll","background-type":"","background-media":"","overlay-type":"","overlay-color":"","overlay-opacity":"","overlay-gradient":""},"tablet":{"background-color":"","background-image":"","background-repeat":"repeat","background-position":"center center","background-size":"auto","background-attachment":"scroll","background-type":"","background-media":"","overlay-type":"","overlay-color":"","overlay-opacity":"","overlay-gradient":""},"mobile":{"background-color":"","background-image":"","background-repeat":"repeat","background-position":"center center","background-size":"auto","background-attachment":"scroll","background-type":"","background-media":"","overlay-type":"","overlay-color":"","overlay-opacity":"","overlay-gradient":""}},"ast-content-background-meta":{"desktop":{"background-color":"var(--ast-global-color-4)","background-image":"","background-repeat":"repeat","background-position":"center center","background-size":"auto","background-attachment":"scroll","background-type":"","background-media":"","overlay-type":"","overlay-color":"","overlay-opacity":"","overlay-gradient":""},"tablet":{"background-color":"var(--ast-global-color-4)","background-image":"","background-repeat":"repeat","background-position":"center center","background-size":"auto","background-attachment":"scroll","background-type":"","background-media":"","overlay-type":"","overlay-color":"","overlay-opacity":"","overlay-gradient":""},"mobile":{"background-color":"var(--ast-global-color-4)","background-image":"","background-repeat":"repeat","background-position":"center center","background-size":"auto","background-attachment":"scroll","background-type":"","background-media":"","overlay-type":"","overlay-color":"","overlay-opacity":"","overlay-gradient":""}},"jetpack_post_was_ever_published":false,"footnotes":""},"class_list":["post-117","page","type-page","status-publish","hentry"],"jetpack_sharing_enabled":true,"jetpack_shortlink":"https:\/\/wp.me\/PabtLX-1T","_links":{"self":[{"href":"https:\/\/ecolesacrecoeur.fr\/index.php?rest_route=\/wp\/v2\/pages\/117","targetHints":{"allow":["GET"]}}],"collection":[{"href":"https:\/\/ecolesacrecoeur.fr\/index.php?rest_route=\/wp\/v2\/pages"}],"about":[{"href":"https:\/\/ecolesacrecoeur.fr\/index.php?rest_route=\/wp\/v2\/types\/page"}],"author":[{"embeddable":true,"href":"https:\/\/ecolesacrecoeur.fr\/index.php?rest_route=\/wp\/v2\/users\/1"}],"replies":[{"embeddable":true,"href":"https:\/\/ecolesacrecoeur.fr\/index.php?rest_route=%2Fwp%2Fv2%2Fcomments&post=117"}],"version-history":[{"count":10,"href":"https:\/\/ecolesacrecoeur.fr\/index.php?rest_route=\/wp\/v2\/pages\/117\/revisions"}],"predecessor-version":[{"id":1004,"href":"https:\/\/ecolesacrecoeur.fr\/index.php?rest_route=\/wp\/v2\/pages\/117\/revisions\/1004"}],"wp:attachment":[{"href":"https:\/\/ecolesacrecoeur.fr\/index.php?rest_route=%2Fwp%2Fv2%2Fmedia&parent=117"}],"curies":[{"name":"wp","href":"https:\/\/api.w.org\/{rel}","templated":true}]}}