{"id":114,"date":"2018-01-06T19:52:37","date_gmt":"2018-01-06T18:52:37","guid":{"rendered":"http:\/\/ecolesacrecoeur.fr\/?page_id=114"},"modified":"2025-05-28T18:29:23","modified_gmt":"2025-05-28T16:29:23","slug":"tarifs-2","status":"publish","type":"page","link":"https:\/\/ecolesacrecoeur.fr\/?page_id=114","title":{"rendered":"Inscriptions &#8211; Renseignements"},"content":{"rendered":"<p>Les inscriptions peuvent se faire \u00e0 tout moment sur rendez-vous avec le chef d&rsquo;\u00e9tablissement, M. Vigot.<\/p>\n<p>Pour les petits, les enfants doivent \u00eatre \u00e2g\u00e9s d&rsquo;au moins 2 ans et \u00eatre propres.<\/p>\n<p>Vous pouvez demander un rendez-vous :<\/p>\n<ul>\n<li>par t\u00e9l\u00e9phone au <span>02.33.56.72.38 ou au 07.67.96.59.91<\/span><\/li>\n<li>ou par mail \u00e0 l&rsquo;adresse <span style=\"text-decoration: underline;\">ecole.sacrecoeur.torigni@gmail.com<\/span><\/li>\n<\/ul>\n\n\n<p>POUR TOUTE DEMANDE D&rsquo;INSCRIPTION, VOUS POUVEZ CLIQUER SUR LE LIEN SUIVANT :<\/p>\n\n\n\n<p><a href=\"https:\/\/docs.google.com\/forms\/d\/e\/1FAIpQLScPJc-CT2S9-370KL2fo1Kbr8AlKceVfqSFkzFUG4W_vgBVLA\/viewform?usp=sf_link\" data-type=\"URL\" data-id=\"https:\/\/docs.google.com\/forms\/d\/e\/1FAIpQLScPJc-CT2S9-370KL2fo1Kbr8AlKceVfqSFkzFUG4W_vgBVLA\/viewform?usp=sf_link\" target=\"_blank\" rel=\"noreferrer noopener\">FORMULAIRE DE DEMANDE<\/a><\/p>\n\n\n\n<p><\/p>\n","protected":false},"excerpt":{"rendered":"<p>Les inscriptions peuvent se faire \u00e0 tout moment sur rendez-vous avec le chef d&rsquo;\u00e9tablissement, M. Vigot. Pour les petits, les [&hellip;]<\/p>\n","protected":false},"author":1,"featured_media":0,"parent":0,"menu_order":2,"comment_status":"closed","ping_status":"closed","template":"","meta":{"site-sidebar-layout":"default","site-content-layout":"","ast-site-content-layout":"","site-content-style":"default","site-sidebar-style":"default","ast-global-header-display":"","ast-banner-title-visibility":"","ast-main-header-display":"","ast-hfb-above-header-display":"","ast-hfb-below-header-display":"","ast-hfb-mobile-header-display":"","site-post-title":"","ast-breadcrumbs-content":"","ast-featured-img":"","footer-sml-layout":"","theme-transparent-header-meta":"","adv-header-id-meta":"","stick-header-meta":"","header-above-stick-meta":"","header-main-stick-meta":"","header-below-stick-meta":"","astra-migrate-meta-layouts":"default","ast-page-background-enabled":"default","ast-page-background-meta":{"desktop":{"background-color":"var(--ast-global-color-5)","background-image":"","background-repeat":"repeat","background-position":"center center","background-size":"auto","background-attachment":"scroll","background-type":"","background-media":"","overlay-type":"","overlay-color":"","overlay-opacity":"","overlay-gradient":""},"tablet":{"background-color":"","background-image":"","background-repeat":"repeat","background-position":"center center","background-size":"auto","background-attachment":"scroll","background-type":"","background-media":"","overlay-type":"","overlay-color":"","overlay-opacity":"","overlay-gradient":""},"mobile":{"background-color":"","background-image":"","background-repeat":"repeat","background-position":"center center","background-size":"auto","background-attachment":"scroll","background-type":"","background-media":"","overlay-type":"","overlay-color":"","overlay-opacity":"","overlay-gradient":""}},"ast-content-background-meta":{"desktop":{"background-color":"var(--ast-global-color-4)","background-image":"","background-repeat":"repeat","background-position":"center center","background-size":"auto","background-attachment":"scroll","background-type":"","background-media":"","overlay-type":"","overlay-color":"","overlay-opacity":"","overlay-gradient":""},"tablet":{"background-color":"var(--ast-global-color-4)","background-image":"","background-repeat":"repeat","background-position":"center center","background-size":"auto","background-attachment":"scroll","background-type":"","background-media":"","overlay-type":"","overlay-color":"","overlay-opacity":"","overlay-gradient":""},"mobile":{"background-color":"var(--ast-global-color-4)","background-image":"","background-repeat":"repeat","background-position":"center center","background-size":"auto","background-attachment":"scroll","background-type":"","background-media":"","overlay-type":"","overlay-color":"","overlay-opacity":"","overlay-gradient":""}},"jetpack_post_was_ever_published":false,"footnotes":""},"class_list":["post-114","page","type-page","status-publish","hentry"],"jetpack_sharing_enabled":true,"jetpack_shortlink":"https:\/\/wp.me\/PabtLX-1Q","_links":{"self":[{"href":"https:\/\/ecolesacrecoeur.fr\/index.php?rest_route=\/wp\/v2\/pages\/114","targetHints":{"allow":["GET"]}}],"collection":[{"href":"https:\/\/ecolesacrecoeur.fr\/index.php?rest_route=\/wp\/v2\/pages"}],"about":[{"href":"https:\/\/ecolesacrecoeur.fr\/index.php?rest_route=\/wp\/v2\/types\/page"}],"author":[{"embeddable":true,"href":"https:\/\/ecolesacrecoeur.fr\/index.php?rest_route=\/wp\/v2\/users\/1"}],"replies":[{"embeddable":true,"href":"https:\/\/ecolesacrecoeur.fr\/index.php?rest_route=%2Fwp%2Fv2%2Fcomments&post=114"}],"version-history":[{"count":18,"href":"https:\/\/ecolesacrecoeur.fr\/index.php?rest_route=\/wp\/v2\/pages\/114\/revisions"}],"predecessor-version":[{"id":986,"href":"https:\/\/ecolesacrecoeur.fr\/index.php?rest_route=\/wp\/v2\/pages\/114\/revisions\/986"}],"wp:attachment":[{"href":"https:\/\/ecolesacrecoeur.fr\/index.php?rest_route=%2Fwp%2Fv2%2Fmedia&parent=114"}],"curies":[{"name":"wp","href":"https:\/\/api.w.org\/{rel}","templated":true}]}}