{"id":951,"date":"2024-04-17T18:45:48","date_gmt":"2024-04-17T16:45:48","guid":{"rendered":"https:\/\/ecolesacrecoeur.fr\/?page_id=951"},"modified":"2026-03-13T11:36:54","modified_gmt":"2026-03-13T10:36:54","slug":"tarifs-3","status":"publish","type":"page","link":"http:\/\/ecolesacrecoeur.fr\/?page_id=951","title":{"rendered":"Tarifs 2026-2027"},"content":{"rendered":"\n<p><strong>Contribution familiale<\/strong><\/p>\n\n\n\n<p>La contribution des familles est destin\u00e9e \u00e0 financer les investissements immobiliers et d\u2019\u00e9quipements n\u00e9cessaires \u00e0 l\u2019\u00e9tablissement, \u00e0 r\u00e9gler les cotisations aux diverses instances de l\u2019Enseignement Catholique ainsi que les d\u00e9penses li\u00e9es au caract\u00e8re propre de l\u2019\u00e9tablissement.<\/p>\n\n\n\n<figure class=\"wp-block-table\"><table><tbody><tr><td rowspan=\"3\"><strong>Contribution familiale annuelle<\/strong><\/td><td>1 enfant<\/td><td><strong>320 \u20ac<\/strong><\/td><td><strong>32 \u20ac\/enf\/mois<\/strong><\/td><\/tr><tr><td>2 enfants<\/td><td><strong>600 \u20ac<\/strong><\/td><td><strong>30 \u20ac\/enf\/mois<\/strong><\/td><\/tr><tr><td>3 enfants<\/td><td><strong>840 \u20ac<\/strong><\/td><td><strong>28\u20ac\/enf\/mois<\/strong><\/td><\/tr><\/tbody><\/table><\/figure>\n\n\n\n<p>Nous avons des abonnements, adh\u00e9sions ou frais obligatoires par enfant que nous devons r\u00e9percuter aupr\u00e8s des familles.<strong> Une contribution pour frais divers de 37 euros annuels par enfant est demand\u00e9e<\/strong>. Elle est r\u00e9partie sur les 10 mois, soit <strong>3,70 \u20ac par mois et par enfant<\/strong>.<\/p>\n\n\n\n<p><strong>Garderie &#8211; Etude <\/strong><\/p>\n\n\n\n<p>Les tarifs de garderie et d\u2019\u00e9tude sont au prorata de la fr\u00e9quentation (quelle que soit la dur\u00e9e).<\/p>\n\n\n\n<p>Tarif garderie du matin\u00a0: 1,50 \u20ac<\/p>\n\n\n\n<p>Tarif garderie et\/ou \u00e9tude du soir\u00a0: 3,00 \u20ac<\/p>\n\n\n\n<p>Une r\u00e9duction est appliqu\u00e9e pour les fratries, \u00e0 partir de 15 \u20ac de garderie par enfant&nbsp;:<\/p>\n\n\n\n<p>2 enfants&nbsp;: &#8211; 10 %<\/p>\n\n\n\n<p>3 enfants&nbsp;: &#8211; 20 %&nbsp;<\/p>\n\n\n\n<p>4 enfants : &#8211; 30 %<\/p>\n","protected":false},"excerpt":{"rendered":"<p>Contribution familiale La contribution des familles est destin\u00e9e \u00e0 financer les investissements immobiliers et d\u2019\u00e9quipements n\u00e9cessaires \u00e0 l\u2019\u00e9tablissement, \u00e0 r\u00e9gler [&hellip;]<\/p>\n","protected":false},"author":1,"featured_media":0,"parent":0,"menu_order":0,"comment_status":"closed","ping_status":"closed","template":"","meta":{"site-sidebar-layout":"default","site-content-layout":"","ast-site-content-layout":"","site-content-style":"default","site-sidebar-style":"default","ast-global-header-display":"","ast-banner-title-visibility":"","ast-main-header-display":"","ast-hfb-above-header-display":"","ast-hfb-below-header-display":"","ast-hfb-mobile-header-display":"","site-post-title":"","ast-breadcrumbs-content":"","ast-featured-img":"","footer-sml-layout":"","theme-transparent-header-meta":"","adv-header-id-meta":"","stick-header-meta":"","header-above-stick-meta":"","header-main-stick-meta":"","header-below-stick-meta":"","astra-migrate-meta-layouts":"default","ast-page-background-enabled":"default","ast-page-background-meta":{"desktop":{"background-color":"var(--ast-global-color-5)","background-image":"","background-repeat":"repeat","background-position":"center center","background-size":"auto","background-attachment":"scroll","background-type":"","background-media":"","overlay-type":"","overlay-color":"","overlay-opacity":"","overlay-gradient":""},"tablet":{"background-color":"","background-image":"","background-repeat":"repeat","background-position":"center center","background-size":"auto","background-attachment":"scroll","background-type":"","background-media":"","overlay-type":"","overlay-color":"","overlay-opacity":"","overlay-gradient":""},"mobile":{"background-color":"","background-image":"","background-repeat":"repeat","background-position":"center center","background-size":"auto","background-attachment":"scroll","background-type":"","background-media":"","overlay-type":"","overlay-color":"","overlay-opacity":"","overlay-gradient":""}},"ast-content-background-meta":{"desktop":{"background-color":"var(--ast-global-color-4)","background-image":"","background-repeat":"repeat","background-position":"center center","background-size":"auto","background-attachment":"scroll","background-type":"","background-media":"","overlay-type":"","overlay-color":"","overlay-opacity":"","overlay-gradient":""},"tablet":{"background-color":"var(--ast-global-color-4)","background-image":"","background-repeat":"repeat","background-position":"center center","background-size":"auto","background-attachment":"scroll","background-type":"","background-media":"","overlay-type":"","overlay-color":"","overlay-opacity":"","overlay-gradient":""},"mobile":{"background-color":"var(--ast-global-color-4)","background-image":"","background-repeat":"repeat","background-position":"center center","background-size":"auto","background-attachment":"scroll","background-type":"","background-media":"","overlay-type":"","overlay-color":"","overlay-opacity":"","overlay-gradient":""}},"jetpack_post_was_ever_published":false,"footnotes":""},"class_list":["post-951","page","type-page","status-publish","hentry"],"jetpack_sharing_enabled":true,"jetpack_shortlink":"https:\/\/wp.me\/PabtLX-fl","_links":{"self":[{"href":"http:\/\/ecolesacrecoeur.fr\/index.php?rest_route=\/wp\/v2\/pages\/951","targetHints":{"allow":["GET"]}}],"collection":[{"href":"http:\/\/ecolesacrecoeur.fr\/index.php?rest_route=\/wp\/v2\/pages"}],"about":[{"href":"http:\/\/ecolesacrecoeur.fr\/index.php?rest_route=\/wp\/v2\/types\/page"}],"author":[{"embeddable":true,"href":"http:\/\/ecolesacrecoeur.fr\/index.php?rest_route=\/wp\/v2\/users\/1"}],"replies":[{"embeddable":true,"href":"http:\/\/ecolesacrecoeur.fr\/index.php?rest_route=%2Fwp%2Fv2%2Fcomments&post=951"}],"version-history":[{"count":2,"href":"http:\/\/ecolesacrecoeur.fr\/index.php?rest_route=\/wp\/v2\/pages\/951\/revisions"}],"predecessor-version":[{"id":1392,"href":"http:\/\/ecolesacrecoeur.fr\/index.php?rest_route=\/wp\/v2\/pages\/951\/revisions\/1392"}],"wp:attachment":[{"href":"http:\/\/ecolesacrecoeur.fr\/index.php?rest_route=%2Fwp%2Fv2%2Fmedia&parent=951"}],"curies":[{"name":"wp","href":"https:\/\/api.w.org\/{rel}","templated":true}]}}