{"id":144,"date":"2018-01-06T19:56:26","date_gmt":"2018-01-06T18:56:26","guid":{"rendered":"http:\/\/ecolesacrecoeur.fr\/?page_id=144"},"modified":"2025-05-28T19:48:03","modified_gmt":"2025-05-28T17:48:03","slug":"contact","status":"publish","type":"page","link":"http:\/\/ecolesacrecoeur.fr\/?page_id=144","title":{"rendered":"Contact"},"content":{"rendered":"<h3 style=\"text-align: left;\"><span style=\"text-decoration: underline;\"><strong>Adresse de l&rsquo;\u00e9cole<\/strong> <\/span>: 3, rue Leprovost 50160 Torigny les villes<\/h3>\n<h3 style=\"text-align: left;\"><span style=\"text-decoration: underline;\"><strong>Adresse mail<\/strong><\/span> : ecole.sacrecoeur.torigni@gmail.com<\/h3>\n<h3 style=\"text-align: left;\"><span style=\"text-decoration: underline;\"><strong>T\u00e9l\u00e9phone<\/strong><\/span> : 02.33.56.72.38<\/h3>\n<h3><u>Portable<\/u> : 07.67.96.59.91<\/h3>\n\n<div class=\"wp-block-jetpack-contact-form\"><a href=\"http:\/\/ecolesacrecoeur.fr\/?page_id=144\" target=\"_blank\" rel=\"noopener noreferrer\">Soumettre un formulaire.<\/a><\/div>\n\n\n<p><\/p>\n","protected":false},"excerpt":{"rendered":"<p>Adresse de l&rsquo;\u00e9cole : 3, rue Leprovost 50160 Torigny les villes Adresse mail : ecole.sacrecoeur.torigni@gmail.com T\u00e9l\u00e9phone : 02.33.56.72.38 Portable : [&hellip;]<\/p>\n","protected":false},"author":1,"featured_media":0,"parent":0,"menu_order":5,"comment_status":"closed","ping_status":"closed","template":"","meta":{"site-sidebar-layout":"default","site-content-layout":"","ast-site-content-layout":"","site-content-style":"default","site-sidebar-style":"default","ast-global-header-display":"","ast-banner-title-visibility":"","ast-main-header-display":"","ast-hfb-above-header-display":"","ast-hfb-below-header-display":"","ast-hfb-mobile-header-display":"","site-post-title":"","ast-breadcrumbs-content":"","ast-featured-img":"","footer-sml-layout":"","theme-transparent-header-meta":"","adv-header-id-meta":"","stick-header-meta":"","header-above-stick-meta":"","header-main-stick-meta":"","header-below-stick-meta":"","astra-migrate-meta-layouts":"default","ast-page-background-enabled":"default","ast-page-background-meta":{"desktop":{"background-color":"var(--ast-global-color-5)","background-image":"","background-repeat":"repeat","background-position":"center center","background-size":"auto","background-attachment":"scroll","background-type":"","background-media":"","overlay-type":"","overlay-color":"","overlay-opacity":"","overlay-gradient":""},"tablet":{"background-color":"","background-image":"","background-repeat":"repeat","background-position":"center center","background-size":"auto","background-attachment":"scroll","background-type":"","background-media":"","overlay-type":"","overlay-color":"","overlay-opacity":"","overlay-gradient":""},"mobile":{"background-color":"","background-image":"","background-repeat":"repeat","background-position":"center center","background-size":"auto","background-attachment":"scroll","background-type":"","background-media":"","overlay-type":"","overlay-color":"","overlay-opacity":"","overlay-gradient":""}},"ast-content-background-meta":{"desktop":{"background-color":"var(--ast-global-color-4)","background-image":"","background-repeat":"repeat","background-position":"center center","background-size":"auto","background-attachment":"scroll","background-type":"","background-media":"","overlay-type":"","overlay-color":"","overlay-opacity":"","overlay-gradient":""},"tablet":{"background-color":"var(--ast-global-color-4)","background-image":"","background-repeat":"repeat","background-position":"center center","background-size":"auto","background-attachment":"scroll","background-type":"","background-media":"","overlay-type":"","overlay-color":"","overlay-opacity":"","overlay-gradient":""},"mobile":{"background-color":"var(--ast-global-color-4)","background-image":"","background-repeat":"repeat","background-position":"center center","background-size":"auto","background-attachment":"scroll","background-type":"","background-media":"","overlay-type":"","overlay-color":"","overlay-opacity":"","overlay-gradient":""}},"jetpack_post_was_ever_published":false,"footnotes":""},"class_list":["post-144","page","type-page","status-publish","hentry"],"jetpack_sharing_enabled":true,"jetpack_shortlink":"https:\/\/wp.me\/PabtLX-2k","_links":{"self":[{"href":"http:\/\/ecolesacrecoeur.fr\/index.php?rest_route=\/wp\/v2\/pages\/144","targetHints":{"allow":["GET"]}}],"collection":[{"href":"http:\/\/ecolesacrecoeur.fr\/index.php?rest_route=\/wp\/v2\/pages"}],"about":[{"href":"http:\/\/ecolesacrecoeur.fr\/index.php?rest_route=\/wp\/v2\/types\/page"}],"author":[{"embeddable":true,"href":"http:\/\/ecolesacrecoeur.fr\/index.php?rest_route=\/wp\/v2\/users\/1"}],"replies":[{"embeddable":true,"href":"http:\/\/ecolesacrecoeur.fr\/index.php?rest_route=%2Fwp%2Fv2%2Fcomments&post=144"}],"version-history":[{"count":9,"href":"http:\/\/ecolesacrecoeur.fr\/index.php?rest_route=\/wp\/v2\/pages\/144\/revisions"}],"predecessor-version":[{"id":1031,"href":"http:\/\/ecolesacrecoeur.fr\/index.php?rest_route=\/wp\/v2\/pages\/144\/revisions\/1031"}],"wp:attachment":[{"href":"http:\/\/ecolesacrecoeur.fr\/index.php?rest_route=%2Fwp%2Fv2%2Fmedia&parent=144"}],"curies":[{"name":"wp","href":"https:\/\/api.w.org\/{rel}","templated":true}]}}