{"id":132,"date":"2018-01-06T19:55:24","date_gmt":"2018-01-06T18:55:24","guid":{"rendered":"http:\/\/ecolesacrecoeur.fr\/?page_id=132"},"modified":"2024-02-23T09:35:38","modified_gmt":"2024-02-23T08:35:38","slug":"apel","status":"publish","type":"page","link":"http:\/\/ecolesacrecoeur.fr\/?page_id=132","title":{"rendered":"APEL &#8211; OGEC"},"content":{"rendered":"<p>Comme tout \u00e9tablissement catholique d&rsquo;enseignement, l&rsquo;\u00e9cole du Sacr\u00e9-Coeur fonctionne avec deux associations :<\/p>\n<ul>\n<li><strong>L&rsquo;OGEC<\/strong> (Organisme de Gestion de l&rsquo;Enseignement Catholique), qui g\u00e8re les finances de l&rsquo;\u00e9cole,<\/li>\n<li><strong>L&rsquo;APEL<\/strong> (Association des Parents de l&rsquo;Enseignement Libre)<\/li>\n<\/ul>\n<p><strong>L&rsquo;APEL du Sacr\u00e9-Coeur<\/strong>, association dynamique, organise des manifestations tout au long de l&rsquo;ann\u00e9e pour financer les projets propos\u00e9s par les enseignants.<\/p>\n<p>\u00a0<\/p>\n<p>\u00a0<\/p>\n\n","protected":false},"excerpt":{"rendered":"<p>Comme tout \u00e9tablissement catholique d&rsquo;enseignement, l&rsquo;\u00e9cole du Sacr\u00e9-Coeur fonctionne avec deux associations : L&rsquo;OGEC (Organisme de Gestion de l&rsquo;Enseignement Catholique), [&hellip;]<\/p>\n","protected":false},"author":1,"featured_media":0,"parent":0,"menu_order":4,"comment_status":"closed","ping_status":"closed","template":"","meta":{"site-sidebar-layout":"default","site-content-layout":"","ast-site-content-layout":"","site-content-style":"default","site-sidebar-style":"default","ast-global-header-display":"","ast-banner-title-visibility":"","ast-main-header-display":"","ast-hfb-above-header-display":"","ast-hfb-below-header-display":"","ast-hfb-mobile-header-display":"","site-post-title":"","ast-breadcrumbs-content":"","ast-featured-img":"","footer-sml-layout":"","theme-transparent-header-meta":"","adv-header-id-meta":"","stick-header-meta":"","header-above-stick-meta":"","header-main-stick-meta":"","header-below-stick-meta":"","astra-migrate-meta-layouts":"default","ast-page-background-enabled":"default","ast-page-background-meta":{"desktop":{"background-color":"var(--ast-global-color-5)","background-image":"","background-repeat":"repeat","background-position":"center center","background-size":"auto","background-attachment":"scroll","background-type":"","background-media":"","overlay-type":"","overlay-color":"","overlay-opacity":"","overlay-gradient":""},"tablet":{"background-color":"","background-image":"","background-repeat":"repeat","background-position":"center center","background-size":"auto","background-attachment":"scroll","background-type":"","background-media":"","overlay-type":"","overlay-color":"","overlay-opacity":"","overlay-gradient":""},"mobile":{"background-color":"","background-image":"","background-repeat":"repeat","background-position":"center center","background-size":"auto","background-attachment":"scroll","background-type":"","background-media":"","overlay-type":"","overlay-color":"","overlay-opacity":"","overlay-gradient":""}},"ast-content-background-meta":{"desktop":{"background-color":"var(--ast-global-color-4)","background-image":"","background-repeat":"repeat","background-position":"center center","background-size":"auto","background-attachment":"scroll","background-type":"","background-media":"","overlay-type":"","overlay-color":"","overlay-opacity":"","overlay-gradient":""},"tablet":{"background-color":"var(--ast-global-color-4)","background-image":"","background-repeat":"repeat","background-position":"center center","background-size":"auto","background-attachment":"scroll","background-type":"","background-media":"","overlay-type":"","overlay-color":"","overlay-opacity":"","overlay-gradient":""},"mobile":{"background-color":"var(--ast-global-color-4)","background-image":"","background-repeat":"repeat","background-position":"center center","background-size":"auto","background-attachment":"scroll","background-type":"","background-media":"","overlay-type":"","overlay-color":"","overlay-opacity":"","overlay-gradient":""}},"jetpack_post_was_ever_published":false,"footnotes":""},"class_list":["post-132","page","type-page","status-publish","hentry"],"jetpack_sharing_enabled":true,"jetpack_shortlink":"https:\/\/wp.me\/PabtLX-28","_links":{"self":[{"href":"http:\/\/ecolesacrecoeur.fr\/index.php?rest_route=\/wp\/v2\/pages\/132","targetHints":{"allow":["GET"]}}],"collection":[{"href":"http:\/\/ecolesacrecoeur.fr\/index.php?rest_route=\/wp\/v2\/pages"}],"about":[{"href":"http:\/\/ecolesacrecoeur.fr\/index.php?rest_route=\/wp\/v2\/types\/page"}],"author":[{"embeddable":true,"href":"http:\/\/ecolesacrecoeur.fr\/index.php?rest_route=\/wp\/v2\/users\/1"}],"replies":[{"embeddable":true,"href":"http:\/\/ecolesacrecoeur.fr\/index.php?rest_route=%2Fwp%2Fv2%2Fcomments&post=132"}],"version-history":[{"count":7,"href":"http:\/\/ecolesacrecoeur.fr\/index.php?rest_route=\/wp\/v2\/pages\/132\/revisions"}],"predecessor-version":[{"id":918,"href":"http:\/\/ecolesacrecoeur.fr\/index.php?rest_route=\/wp\/v2\/pages\/132\/revisions\/918"}],"wp:attachment":[{"href":"http:\/\/ecolesacrecoeur.fr\/index.php?rest_route=%2Fwp%2Fv2%2Fmedia&parent=132"}],"curies":[{"name":"wp","href":"https:\/\/api.w.org\/{rel}","templated":true}]}}